{"id":1769,"date":"2018-11-27T09:17:08","date_gmt":"2018-11-27T08:17:08","guid":{"rendered":"https:\/\/laboratorioautodidactico.com\/o-nas\/"},"modified":"2024-02-28T21:15:15","modified_gmt":"2024-02-28T20:15:15","slug":"o-nas","status":"publish","type":"page","link":"https:\/\/laboratorioautodidactico.com\/cs\/o-nas\/","title":{"rendered":"Co d\u011bl\u00e1me?"},"content":{"rendered":"\t\t<div data-elementor-type=\"wp-post\" data-elementor-id=\"1769\" class=\"elementor elementor-1769 elementor-564\" data-elementor-post-type=\"page\">\n\t\t\t\t\t\t<section class=\"elementor-section elementor-top-section elementor-element elementor-element-d7d8b56 elementor-section-boxed elementor-section-height-default elementor-section-height-default\" data-id=\"d7d8b56\" data-element_type=\"section\" data-e-type=\"section\" data-settings=\"{&quot;background_background&quot;:&quot;classic&quot;}\">\n\t\t\t\t\t\t\t<div class=\"elementor-background-overlay\"><\/div>\n\t\t\t\t\t\t\t<div class=\"elementor-container elementor-column-gap-default\">\n\t\t\t\t\t<div class=\"elementor-column elementor-col-100 elementor-top-column elementor-element elementor-element-fd69444\" data-id=\"fd69444\" data-element_type=\"column\" data-e-type=\"column\">\n\t\t\t<div class=\"elementor-widget-wrap elementor-element-populated\">\n\t\t\t\t\t\t<div class=\"elementor-element elementor-element-abcc2f2 elementor-invisible elementor-widget elementor-widget-heading\" data-id=\"abcc2f2\" data-element_type=\"widget\" data-e-type=\"widget\" data-settings=\"{&quot;_animation&quot;:&quot;fadeIn&quot;,&quot;_animation_delay&quot;:400}\" data-widget_type=\"heading.default\">\n\t\t\t\t<div class=\"elementor-widget-container\">\n\t\t\t\t\t<h1 class=\"elementor-heading-title elementor-size-default\">Co d\u011bl\u00e1me?<\/h1>\t\t\t\t<\/div>\n\t\t\t\t<\/div>\n\t\t\t\t\t<\/div>\n\t\t<\/div>\n\t\t\t\t\t<\/div>\n\t\t<\/section>\n\t\t<div class=\"elementor-element elementor-element-ce7fcc8 e-flex e-con-boxed e-con e-parent\" data-id=\"ce7fcc8\" data-element_type=\"container\" data-e-type=\"container\">\n\t\t\t\t\t<div class=\"e-con-inner\">\n\t\t\t\t<div class=\"elementor-element elementor-element-3a3d59a elementor-invisible elementor-widget elementor-widget-image\" data-id=\"3a3d59a\" data-element_type=\"widget\" data-e-type=\"widget\" data-settings=\"{&quot;_animation&quot;:&quot;fadeInDown&quot;}\" data-widget_type=\"image.default\">\n\t\t\t\t<div class=\"elementor-widget-container\">\n\t\t\t\t\t\t\t\t\t\t\t\t\t\t\t<img decoding=\"async\" width=\"150\" height=\"150\" src=\"https:\/\/laboratorioautodidactico.com\/wp-content\/uploads\/2023\/10\/what-150x150.png\" class=\"attachment-thumbnail size-thumbnail wp-image-1541\" alt=\"\" srcset=\"https:\/\/laboratorioautodidactico.com\/wp-content\/uploads\/2023\/10\/what-150x150.png 150w, https:\/\/laboratorioautodidactico.com\/wp-content\/uploads\/2023\/10\/what-100x100.png 100w\" sizes=\"(max-width: 150px) 100vw, 150px\" \/>\t\t\t\t\t\t\t\t\t\t\t\t\t\t\t<\/div>\n\t\t\t\t<\/div>\n\t\t\t\t\t<\/div>\n\t\t\t\t<\/div>\n\t\t\t\t<section class=\"elementor-section elementor-top-section elementor-element elementor-element-5c40d7b elementor-section-boxed elementor-section-height-default elementor-section-height-default\" data-id=\"5c40d7b\" data-element_type=\"section\" data-e-type=\"section\">\n\t\t\t\t\t\t<div class=\"elementor-container elementor-column-gap-default\">\n\t\t\t\t\t<div class=\"elementor-column elementor-col-50 elementor-top-column elementor-element elementor-element-2ebbf9c\" data-id=\"2ebbf9c\" data-element_type=\"column\" data-e-type=\"column\">\n\t\t\t<div class=\"elementor-widget-wrap elementor-element-populated\">\n\t\t\t\t\t\t<div class=\"elementor-element elementor-element-fe195c7 elementor-invisible elementor-widget elementor-widget-heading\" data-id=\"fe195c7\" data-element_type=\"widget\" data-e-type=\"widget\" data-settings=\"{&quot;_animation&quot;:&quot;fadeInRight&quot;}\" data-widget_type=\"heading.default\">\n\t\t\t\t<div class=\"elementor-widget-container\">\n\t\t\t\t\t<h2 class=\"elementor-heading-title elementor-size-default\">CO D\u011aL\u00c1ME?<\/h2>\t\t\t\t<\/div>\n\t\t\t\t<\/div>\n\t\t\t\t<div class=\"elementor-element elementor-element-dc051dd elementor-widget-divider--view-line elementor-widget elementor-widget-divider\" data-id=\"dc051dd\" data-element_type=\"widget\" data-e-type=\"widget\" data-widget_type=\"divider.default\">\n\t\t\t\t<div class=\"elementor-widget-container\">\n\t\t\t\t\t\t\t<div class=\"elementor-divider\">\n\t\t\t<span class=\"elementor-divider-separator\">\n\t\t\t\t\t\t<\/span>\n\t\t<\/div>\n\t\t\t\t\t\t<\/div>\n\t\t\t\t<\/div>\n\t\t\t\t<div class=\"elementor-element elementor-element-e5f497e elementor-widget__width-initial elementor-invisible elementor-widget elementor-widget-text-editor\" data-id=\"e5f497e\" data-element_type=\"widget\" data-e-type=\"widget\" data-settings=\"{&quot;_animation&quot;:&quot;fadeInUp&quot;}\" data-widget_type=\"text-editor.default\">\n\t\t\t\t<div class=\"elementor-widget-container\">\n\t\t\t\t\t\t\t\t\t<div title=\"Strana 3\"><div><div><div><p>Nab\u00edz\u00edme studijn\u00ed teoreticko-praktick\u00e9 workshopy, a to jak prezen\u010dn\u00ed formou, tak tak\u00e9 online.<\/p><div class=\"page\" title=\"Strana 3\"><div class=\"section\"><div class=\"layoutArea\"><div class=\"column\"><p><strong>Rodin\u00e1m, kter\u00e9 se rozhodly ujmout vzd\u011bl\u00e1v\u00e1n\u00ed sv\u00fdch d\u011bt\u00ed v r\u00e1mci dom\u00e1c\u00edho \u010di komunitn\u00edho vzd\u011bl\u00e1v\u00e1n\u00ed, a tak na sebe p\u0159evzaly nesm\u00edrnou v\u00fdchovnou i pedagogickou zodpov\u011bdnost a v\u00e1\u017en\u00fd spole\u010densk\u00fd z\u00e1vazek, poskytujeme poradensk\u00e9 slu\u017eby, kter\u00e9 spo\u010d\u00edvaj\u00ed ve v\u00fdlu\u010dn\u00e9m a pravideln\u00e9m pedagogick\u00e9m doprovodu a monitorov\u00e1n\u00ed.<\/strong>\u00a0<\/p><div class=\"page\" title=\"Strana 3\"><div class=\"section\"><div class=\"layoutArea\"><div class=\"column\"><p>Nab\u00edz\u00edme mo\u017enost zav\u00e1d\u011bn\u00ed p\u0159ipraven\u00e9ho-a-uvoln\u011bn\u00e9ho-prost\u0159ed\u00ed. Na \u00favod v\u017edy p\u0159edlo\u017e\u00edme obecn\u00fd projektov\u00fd r\u00e1mec s jasn\u011b dan\u00fdmi etapami proveden\u00ed, harmonogramem, rozpo\u010dtem a seznamem pot\u0159ebn\u00e9ho materi\u00e1lu.<\/p><div class=\"page\" title=\"Strana 3\"><div class=\"section\"><div class=\"layoutArea\"><div class=\"column\"><p><strong>Nab\u00edz\u00edme tak\u00e9 d\u00edlny zam\u011b\u0159en\u00e9 na v\u00fdrobu opera\u010dn\u00edch didaktick\u00fdch pom\u016fcek a materi\u00e1l\u016f i na jejich pou\u017e\u00edv\u00e1n\u00ed.<\/strong><span style=\"font-style: inherit;\">\u00a0Tyto workshopy po\u0159\u00e1d\u00e1me jako\u017eto pr\u016fvodn\u00ed dopln\u011bk teoretick\u00e9 str\u00e1nky cel\u00e9ho programu a konaj\u00ed se v\u017edy tam, kde o n\u011b rodina \u010di jak\u00e1koliv vzd\u011bl\u00e1vac\u00ed iniciativa po\u017e\u00e1d\u00e1.<\/span><\/p><\/div><\/div><\/div><\/div><\/div><\/div><\/div><\/div><\/div><\/div><\/div><\/div><\/div><\/div><\/div><\/div>\t\t\t\t\t\t\t\t<\/div>\n\t\t\t\t<\/div>\n\t\t\t\t\t<\/div>\n\t\t<\/div>\n\t\t\t\t<div class=\"elementor-column elementor-col-50 elementor-top-column elementor-element elementor-element-e5fdae0\" data-id=\"e5fdae0\" data-element_type=\"column\" data-e-type=\"column\">\n\t\t\t<div class=\"elementor-widget-wrap elementor-element-populated\">\n\t\t\t\t\t\t<div class=\"elementor-element elementor-element-c9650bd elementor-widget__width-initial elementor-invisible elementor-widget elementor-widget-text-editor\" data-id=\"c9650bd\" data-element_type=\"widget\" data-e-type=\"widget\" data-settings=\"{&quot;_animation&quot;:&quot;fadeInUp&quot;}\" data-widget_type=\"text-editor.default\">\n\t\t\t\t<div class=\"elementor-widget-container\">\n\t\t\t\t\t\t\t\t\t<div title=\"Strana 3\">\n<div class=\"page\" title=\"Strana 2\">\n<div class=\"section\">\n<div class=\"layoutArea\">\n<div class=\"column\">\n<p><strong>\u00da\u010dastn\u00edk\u016fm nab\u00edz\u00edme mo\u017enost pracovat na z\u00edsk\u00e1n\u00ed \u010di obnoven\u00ed vlastn\u00ed emo\u010dn\u00ed rovnov\u00e1hy a spole\u010densk\u00e9 stability, stranou dikt\u00e1tu tradi\u010dn\u00edho \u0161kolsk\u00e9ho syst\u00e9mu, jen\u017e poznamen\u00e1v\u00e1 ve\u0161ker\u00fd rytmus rodinn\u00e9ho \u017eivota.<\/strong><\/p>\n<\/div>\n<\/div>\n<\/div>\n<\/div>\n<div class=\"page\" title=\"Strana 3\">\n<div class=\"section\">\n<div class=\"layoutArea\">\n<div class=\"column\">\n<div class=\"page\" title=\"Strana 2\">\n<div class=\"section\">\n<div class=\"layoutArea\">\n<div class=\"column\">\n<p><strong>D\u00e1le \u00fa\u010dastn\u00edk\u016fm nab\u00edz\u00edme tak\u00e9 p\u0159\u00edle\u017eitost sezn\u00e1mit se se \u0161irokou \u0161k\u00e1lou rozmanit\u00fdch n\u00e1stroj\u016f a prost\u0159edk\u016f, d\u00edky nim\u017e mohou posl\u00e9ze sami tvo\u0159it vhodn\u00e9 prost\u0159ed\u00ed a b\u00fdt sv\u011bdky toho, jak se d\u011bti u\u010d\u00ed s radost\u00ed a s neutuchaj\u00edc\u00ed zv\u00eddavost\u00ed, se z\u00e1jmem zkoumaj\u00ed sv\u016fj \u017eivotn\u00ed prostor a ba\u017e\u00ed po zku\u0161enostech, kter\u00e9 je obohacuj\u00ed a podn\u011bcuj\u00ed jejich celostn\u00ed r\u016fst a zr\u00e1n\u00ed.<\/strong><\/p>\n<\/div>\n<\/div>\n<\/div>\n<\/div>\n<div class=\"page\" title=\"Strana 3\">\n<div class=\"section\">\n<div class=\"layoutArea\">\n<div class=\"column\">\n<div class=\"page\" title=\"Strana 2\">\n<div class=\"section\">\n<div class=\"layoutArea\">\n<div class=\"column\">\n<p><strong>\u00da\u010dastn\u00edk\u016fm se rovn\u011b\u017e nab\u00edz\u00ed p\u0159\u00edle\u017eitost aktivovat ve\u0161ker\u00fd sv\u016fj potenci\u00e1l, p\u0159edev\u0161\u00edm pak schopnost \u201eu\u010dit se, jak se u\u010dit\u201c a schopnost sebepozn\u00e1n\u00ed.<\/strong><\/p>\n<\/div>\n<\/div>\n<\/div>\n<\/div>\n<div class=\"page\" title=\"Strana 3\">\n<div class=\"section\">\n<div class=\"layoutArea\">\n<div class=\"column\">\n<div class=\"page\" title=\"Strana 2\">\n<div class=\"section\">\n<div class=\"layoutArea\">\n<div class=\"column\">\n<p><strong>\u00da\u010dastn\u00edk\u016fm nab\u00edz\u00edme p\u0159\u00edle\u017eitost si uv\u011bdomit, \u017ee dosp\u011bl\u00e1 osoba p\u0159edstavuje v \u017eivot\u011b d\u00edt\u011bte zcela kl\u00ed\u010dov\u00e9ho ukazatele: bu\u010f je t\u00edm, kdo nap\u0159\u00ed\u010d jednotliv\u00fdmi v\u00fdvojov\u00fdmi etapami p\u0159isp\u00edv\u00e1 k rozmachu vklad\u016f a k rozkv\u011btu vrozen\u00e9ho potenci\u00e1lu dan\u00e9ho lidsk\u00e9ho organismu, anebo naopak stoj\u00ed takov\u00e9mu rozmachu v cest\u011b a brzd\u00ed jej.<\/strong><\/p>\n<\/div>\n<\/div>\n<\/div>\n<\/div>\n<\/div>\n<\/div>\n<\/div>\n<\/div>\n<\/div>\n<\/div>\n<\/div>\n<\/div>\n<\/div>\n<\/div>\n<\/div>\n<\/div>\n<\/div>\n\t\t\t\t\t\t\t\t<\/div>\n\t\t\t\t<\/div>\n\t\t\t\t\t<\/div>\n\t\t<\/div>\n\t\t\t\t\t<\/div>\n\t\t<\/section>\n\t\t\t\t<section class=\"elementor-section elementor-top-section elementor-element elementor-element-47056f1 elementor-section-boxed elementor-section-height-default elementor-section-height-default\" data-id=\"47056f1\" data-element_type=\"section\" data-e-type=\"section\" data-settings=\"{&quot;background_background&quot;:&quot;classic&quot;}\">\n\t\t\t\t\t\t\t<div class=\"elementor-background-overlay\"><\/div>\n\t\t\t\t\t\t\t<div class=\"elementor-container elementor-column-gap-default\">\n\t\t\t\t\t<div class=\"elementor-column elementor-col-100 elementor-top-column elementor-element elementor-element-dbc88ae\" data-id=\"dbc88ae\" data-element_type=\"column\" data-e-type=\"column\">\n\t\t\t<div class=\"elementor-widget-wrap\">\n\t\t\t\t\t\t\t<\/div>\n\t\t<\/div>\n\t\t\t\t\t<\/div>\n\t\t<\/section>\n\t\t<div class=\"elementor-element elementor-element-8c553cc e-flex e-con-boxed e-con e-parent\" data-id=\"8c553cc\" data-element_type=\"container\" data-e-type=\"container\">\n\t\t\t\t\t<div class=\"e-con-inner\">\n\t\t\t\t\t<\/div>\n\t\t\t\t<\/div>\n\t\t<div class=\"elementor-element elementor-element-0b9a145 e-flex e-con-boxed e-con e-parent\" data-id=\"0b9a145\" data-element_type=\"container\" data-e-type=\"container\">\n\t\t\t\t\t<div class=\"e-con-inner\">\n\t\t<div class=\"elementor-element elementor-element-fb5f1f4 e-con-full e-flex e-con e-child\" data-id=\"fb5f1f4\" data-element_type=\"container\" data-e-type=\"container\">\n\t\t\t\t<\/div>\n\t\t<div class=\"elementor-element elementor-element-ba26f30 e-con-full e-flex e-con e-child\" data-id=\"ba26f30\" data-element_type=\"container\" data-e-type=\"container\">\n\t\t\t\t<div class=\"elementor-element elementor-element-ae82180 elementor-view-framed elementor-shape-square elementor-widget__width-auto elementor-fixed elementor-position-block-start elementor-mobile-position-block-start elementor-invisible elementor-widget elementor-widget-icon-box\" data-id=\"ae82180\" data-element_type=\"widget\" data-e-type=\"widget\" data-settings=\"{&quot;_position&quot;:&quot;fixed&quot;,&quot;_animation&quot;:&quot;fadeInUp&quot;}\" data-widget_type=\"icon-box.default\">\n\t\t\t\t<div class=\"elementor-widget-container\">\n\t\t\t\t\t\t\t<div class=\"elementor-icon-box-wrapper\">\n\n\t\t\t\t\t\t<div class=\"elementor-icon-box-icon\">\n\t\t\t\t<a href=\"#masthead\" class=\"elementor-icon\" tabindex=\"-1\">\n\t\t\t\t<svg aria-hidden=\"true\" class=\"e-font-icon-svg e-fas-arrow-up\" viewBox=\"0 0 448 512\" xmlns=\"http:\/\/www.w3.org\/2000\/svg\"><path d=\"M34.9 289.5l-22.2-22.2c-9.4-9.4-9.4-24.6 0-33.9L207 39c9.4-9.4 24.6-9.4 33.9 0l194.3 194.3c9.4 9.4 9.4 24.6 0 33.9L413 289.4c-9.5 9.5-25 9.3-34.3-.4L264 168.6V456c0 13.3-10.7 24-24 24h-32c-13.3 0-24-10.7-24-24V168.6L69.2 289.1c-9.3 9.8-24.8 10-34.3.4z\"><\/path><\/svg>\t\t\t\t<\/a>\n\t\t\t<\/div>\n\t\t\t\n\t\t\t\n\t\t<\/div>\n\t\t\t\t\t\t<\/div>\n\t\t\t\t<\/div>\n\t\t\t\t<\/div>\n\t\t\t\t\t<\/div>\n\t\t\t\t<\/div>\n\t\t\t\t<\/div>\n\t\t","protected":false},"excerpt":{"rendered":"<p>Co d\u011bl\u00e1me? CO D\u011aL\u00c1ME? Nab\u00edz\u00edme studijn\u00ed teoreticko-praktick\u00e9 workshopy, a to jak prezen\u010dn\u00ed formou, tak tak\u00e9 online. Rodin\u00e1m, kter\u00e9 se rozhodly ujmout vzd\u011bl\u00e1v\u00e1n\u00ed sv\u00fdch d\u011bt\u00ed v r\u00e1mci dom\u00e1c\u00edho \u010di komunitn\u00edho vzd\u011bl\u00e1v\u00e1n\u00ed, a tak na sebe p\u0159evzaly nesm\u00edrnou v\u00fdchovnou i pedagogickou zodpov\u011bdnost a v\u00e1\u017en\u00fd spole\u010densk\u00fd z\u00e1vazek, poskytujeme poradensk\u00e9 slu\u017eby, kter\u00e9 spo\u010d\u00edvaj\u00ed ve v\u00fdlu\u010dn\u00e9m a pravideln\u00e9m pedagogick\u00e9m doprovodu &hellip;<\/p>\n<p class=\"read-more\"> <a class=\"\" href=\"https:\/\/laboratorioautodidactico.com\/cs\/o-nas\/\"> <span class=\"screen-reader-text\">Co d\u011bl\u00e1me?<\/span> Pokra\u010dovat ve \u010dten\u00ed &raquo;<\/a><\/p>\n","protected":false},"author":1,"featured_media":0,"parent":0,"menu_order":0,"comment_status":"closed","ping_status":"closed","template":"","meta":{"om_disable_all_campaigns":false,"_monsterinsights_skip_tracking":false,"_monsterinsights_sitenote_active":false,"_monsterinsights_sitenote_note":"","_monsterinsights_sitenote_category":0,"site-sidebar-layout":"no-sidebar","site-content-layout":"page-builder","ast-site-content-layout":"","site-content-style":"default","site-sidebar-style":"default","ast-global-header-display":"","ast-banner-title-visibility":"","ast-main-header-display":"","ast-hfb-above-header-display":"","ast-hfb-below-header-display":"","ast-hfb-mobile-header-display":"","site-post-title":"disabled","ast-breadcrumbs-content":"","ast-featured-img":"disabled","footer-sml-layout":"","theme-transparent-header-meta":"enabled","adv-header-id-meta":"","stick-header-meta":"","header-above-stick-meta":"","header-main-stick-meta":"","header-below-stick-meta":"","astra-migrate-meta-layouts":"","ast-page-background-enabled":"default","ast-page-background-meta":{"desktop":{"background-color":"","background-image":"","background-repeat":"repeat","background-position":"center center","background-size":"auto","background-attachment":"scroll","background-type":"","background-media":"","overlay-type":"","overlay-color":"","overlay-gradient":""},"tablet":{"background-color":"","background-image":"","background-repeat":"repeat","background-position":"center center","background-size":"auto","background-attachment":"scroll","background-type":"","background-media":"","overlay-type":"","overlay-color":"","overlay-gradient":""},"mobile":{"background-color":"","background-image":"","background-repeat":"repeat","background-position":"center center","background-size":"auto","background-attachment":"scroll","background-type":"","background-media":"","overlay-type":"","overlay-color":"","overlay-gradient":""}},"ast-content-background-meta":{"desktop":{"background-color":"var(--ast-global-color-5)","background-image":"","background-repeat":"repeat","background-position":"center center","background-size":"auto","background-attachment":"scroll","background-type":"","background-media":"","overlay-type":"","overlay-color":"","overlay-gradient":""},"tablet":{"background-color":"var(--ast-global-color-5)","background-image":"","background-repeat":"repeat","background-position":"center center","background-size":"auto","background-attachment":"scroll","background-type":"","background-media":"","overlay-type":"","overlay-color":"","overlay-gradient":""},"mobile":{"background-color":"var(--ast-global-color-5)","background-image":"","background-repeat":"repeat","background-position":"center center","background-size":"auto","background-attachment":"scroll","background-type":"","background-media":"","overlay-type":"","overlay-color":"","overlay-gradient":""}},"footnotes":""},"class_list":["post-1769","page","type-page","status-publish","hentry"],"aioseo_notices":[],"_links":{"self":[{"href":"https:\/\/laboratorioautodidactico.com\/cs\/wp-json\/wp\/v2\/pages\/1769"}],"collection":[{"href":"https:\/\/laboratorioautodidactico.com\/cs\/wp-json\/wp\/v2\/pages"}],"about":[{"href":"https:\/\/laboratorioautodidactico.com\/cs\/wp-json\/wp\/v2\/types\/page"}],"author":[{"embeddable":true,"href":"https:\/\/laboratorioautodidactico.com\/cs\/wp-json\/wp\/v2\/users\/1"}],"replies":[{"embeddable":true,"href":"https:\/\/laboratorioautodidactico.com\/cs\/wp-json\/wp\/v2\/comments?post=1769"}],"version-history":[{"count":6,"href":"https:\/\/laboratorioautodidactico.com\/cs\/wp-json\/wp\/v2\/pages\/1769\/revisions"}],"predecessor-version":[{"id":1886,"href":"https:\/\/laboratorioautodidactico.com\/cs\/wp-json\/wp\/v2\/pages\/1769\/revisions\/1886"}],"wp:attachment":[{"href":"https:\/\/laboratorioautodidactico.com\/cs\/wp-json\/wp\/v2\/media?parent=1769"}],"curies":[{"name":"wp","href":"https:\/\/api.w.org\/{rel}","templated":true}]}}