{"id":1789,"date":"2018-11-27T09:17:42","date_gmt":"2018-11-27T08:17:42","guid":{"rendered":"https:\/\/laboratorioautodidactico.com\/projekty\/"},"modified":"2024-04-23T22:04:47","modified_gmt":"2024-04-23T20:04:47","slug":"projekty","status":"publish","type":"page","link":"https:\/\/laboratorioautodidactico.com\/cs\/projekty\/","title":{"rendered":"Podcasty"},"content":{"rendered":"\t\t<div data-elementor-type=\"wp-post\" data-elementor-id=\"1789\" class=\"elementor elementor-1789 elementor-566\" data-elementor-post-type=\"page\">\n\t\t\t\t\t\t<section class=\"elementor-section elementor-top-section elementor-element elementor-element-7ac9ca5 elementor-section-boxed elementor-section-height-default elementor-section-height-default\" data-id=\"7ac9ca5\" data-element_type=\"section\" data-e-type=\"section\" data-settings=\"{&quot;background_background&quot;:&quot;classic&quot;}\">\n\t\t\t\t\t\t\t<div class=\"elementor-background-overlay\"><\/div>\n\t\t\t\t\t\t\t<div class=\"elementor-container elementor-column-gap-default\">\n\t\t\t\t\t<div class=\"elementor-column elementor-col-100 elementor-top-column elementor-element elementor-element-90988fe\" data-id=\"90988fe\" data-element_type=\"column\" data-e-type=\"column\">\n\t\t\t<div class=\"elementor-widget-wrap elementor-element-populated\">\n\t\t\t\t\t\t<div class=\"elementor-element elementor-element-4a1c612 elementor-invisible elementor-widget elementor-widget-heading\" data-id=\"4a1c612\" data-element_type=\"widget\" data-e-type=\"widget\" data-settings=\"{&quot;_animation&quot;:&quot;fadeIn&quot;,&quot;_animation_delay&quot;:400}\" data-widget_type=\"heading.default\">\n\t\t\t\t<div class=\"elementor-widget-container\">\n\t\t\t\t\t<h1 class=\"elementor-heading-title elementor-size-default\">Podcasty<\/h1>\t\t\t\t<\/div>\n\t\t\t\t<\/div>\n\t\t\t\t\t<\/div>\n\t\t<\/div>\n\t\t\t\t\t<\/div>\n\t\t<\/section>\n\t\t\t\t<section class=\"elementor-section elementor-top-section elementor-element elementor-element-8262e30 elementor-section-content-middle elementor-section-boxed elementor-section-height-default elementor-section-height-default\" data-id=\"8262e30\" data-element_type=\"section\" data-e-type=\"section\">\n\t\t\t\t\t\t\t<div class=\"elementor-background-overlay\"><\/div>\n\t\t\t\t\t\t\t<div class=\"elementor-container elementor-column-gap-no\">\n\t\t\t\t\t<div class=\"elementor-column elementor-col-100 elementor-top-column elementor-element elementor-element-da6ae65\" data-id=\"da6ae65\" data-element_type=\"column\" data-e-type=\"column\">\n\t\t\t<div class=\"elementor-widget-wrap elementor-element-populated\">\n\t\t\t\t\t\t<div class=\"elementor-element elementor-element-9551936 elementor-widget-divider--view-line_text elementor-widget-divider--element-align-left elementor-invisible elementor-widget elementor-widget-divider\" data-id=\"9551936\" data-element_type=\"widget\" data-e-type=\"widget\" data-settings=\"{&quot;_animation&quot;:&quot;fadeInLeft&quot;}\" data-widget_type=\"divider.default\">\n\t\t\t\t<div class=\"elementor-widget-container\">\n\t\t\t\t\t\t\t<div class=\"elementor-divider\">\n\t\t\t<span class=\"elementor-divider-separator\">\n\t\t\t\t\t\t\t<h6 class=\"elementor-divider__text elementor-divider__element\">\n\t\t\t\tPodcasty\t\t\t\t<\/h6>\n\t\t\t\t\t\t<\/span>\n\t\t<\/div>\n\t\t\t\t\t\t<\/div>\n\t\t\t\t<\/div>\n\t\t\t\t<div class=\"elementor-element elementor-element-b0fabca elementor-invisible elementor-widget elementor-widget-image-box\" data-id=\"b0fabca\" data-element_type=\"widget\" data-e-type=\"widget\" data-settings=\"{&quot;_animation&quot;:&quot;fadeInLeft&quot;,&quot;_animation_delay&quot;:500}\" data-widget_type=\"image-box.default\">\n\t\t\t\t<div class=\"elementor-widget-container\">\n\t\t\t\t\t<div class=\"elementor-image-box-wrapper\"><div class=\"elementor-image-box-content\"><h2 class=\"elementor-image-box-title\">Podcasty Laboratorio Autodidacta<\/h2><p class=\"elementor-image-box-description\">Hled\u00e1te-li hovory o u\u010den\u00ed, kter\u00e9 nem\u00e1 konce, pak jste tu spr\u00e1vn\u011b.<\/p><\/div><\/div>\t\t\t\t<\/div>\n\t\t\t\t<\/div>\n\t\t\t\t\t<\/div>\n\t\t<\/div>\n\t\t\t\t\t<\/div>\n\t\t<\/section>\n\t\t<div class=\"elementor-element elementor-element-15168bd e-flex e-con-boxed e-con e-parent\" data-id=\"15168bd\" data-element_type=\"container\" data-e-type=\"container\">\n\t\t\t\t\t<div class=\"e-con-inner\">\n\t\t\t\t<div class=\"elementor-element elementor-element-7c75593 elementor-widget elementor-widget-video\" data-id=\"7c75593\" data-element_type=\"widget\" data-e-type=\"widget\" data-settings=\"{&quot;youtube_url&quot;:&quot;https:\\\/\\\/youtu.be\\\/DuaYdy82Wag&quot;,&quot;video_type&quot;:&quot;youtube&quot;,&quot;controls&quot;:&quot;yes&quot;}\" data-widget_type=\"video.default\">\n\t\t\t\t<div class=\"elementor-widget-container\">\n\t\t\t\t\t\t\t<div class=\"elementor-wrapper elementor-open-inline\">\n\t\t\t<div class=\"elementor-video\"><\/div>\t\t<\/div>\n\t\t\t\t\t\t<\/div>\n\t\t\t\t<\/div>\n\t\t\t\t\t<\/div>\n\t\t\t\t<\/div>\n\t\t<div class=\"elementor-element elementor-element-9c1b8a8 e-flex e-con-boxed e-con e-parent\" data-id=\"9c1b8a8\" data-element_type=\"container\" data-e-type=\"container\">\n\t\t\t\t\t<div class=\"e-con-inner\">\n\t\t\t\t<div class=\"elementor-element elementor-element-333ebce elementor-widget elementor-widget-text-editor\" data-id=\"333ebce\" data-element_type=\"widget\" data-e-type=\"widget\" data-widget_type=\"text-editor.default\">\n\t\t\t\t<div class=\"elementor-widget-container\">\n\t\t\t\t\t\t\t\t\t<p><strong>V podcastech Laboratorio Autodidacta spole\u010dn\u011b pronik\u00e1me k j\u00e1dru autonomn\u00edho u\u010den\u00ed, do prostor, kde se ve\u0161ker\u00e9 vzd\u011bl\u00e1v\u00e1n\u00ed p\u0159evt\u011bluje v hluboce osobn\u00ed a smysluplnou pou\u0165.<\/strong><\/p>\n<p>V prost\u0159ed p\u0159\u00edtomnosti, kter\u00e1 si \u010dasto cen\u00ed konformity a p\u0159edem vy\u0161lapan\u00fdch cest, ne\u00fanavn\u011b zast\u00e1v\u00e1me n\u00e1zor, \u017ee ka\u017ed\u00fd jedinec si s sebou nese potenci\u00e1l, s n\u00edm\u017e dok\u00e1\u017ee b\u00fdt s\u00e1m sob\u011b stavitelem vlastn\u00edho pozn\u00e1n\u00ed. S v\u00e1\u0161nivou zv\u00eddavost\u00ed, kter\u00e1 je kompasem, jen\u017e vede na\u0161e kroky, se no\u0159\u00edme do neprob\u00e1dan\u00fdch vod sv\u011bta u\u010den\u00ed.<\/p>\n<p>Prost\u0159ednictv\u00edm inspirativn\u00edch p\u0159\u00edb\u011bh\u016f a bohat\u00fdch rozhovor\u016f zkoum\u00e1me mocnost a s\u00edlu, jakou v sob\u011b skr\u00fdvaj\u00ed autonomn\u00ed u\u010debn\u00ed a vzd\u011bl\u00e1vac\u00ed procesy. V ka\u017ed\u00e9 epizod\u011b se poka\u017ed\u00e9 znovu ukazuje, jak moc je d\u016fle\u017eit\u00e9, aby d\u011bti i dosp\u011bl\u00ed m\u011bli mo\u017enost nechat se svobodn\u011b v\u00e9st vlastn\u00ed zv\u00eddavost\u00ed, objevovat sv\u00e9 ryz\u00ed touhy a v\u00e1\u0161n\u011b a nakonec se ztoto\u017enit se svou vlastn\u00ed jedine\u010dnost\u00ed.<\/p>\n<p>Na\u0161e podcasty maj\u00ed b\u00fdt maj\u00e1kem nad\u011bje pro ty, kdo hledaj\u00ed vzd\u011bl\u00e1n\u00ed, kter\u00e9 syt\u00ed nejen mysl, ale tak\u00e9 srdce. V Laboratorio Autodidacta oslavujeme kr\u00e1su svobodn\u00e9ho u\u010den\u00ed: dopustit se omylu tady zna\u010d\u00ed ud\u011blat krok k objevu, a u\u010dinit vlastn\u00ed pozn\u00e1n\u00ed pak tot\u00e9\u017e co ustavit z\u00e1klady moudrosti.<\/p>\n<p>P\u0159idejte se k n\u00e1m a vykro\u010dte s n\u00e1mi cestou, na n\u00ed\u017e se vzd\u011bl\u00e1v\u00e1n\u00ed prom\u011b\u0148uje v akt \u010dir\u00e9 l\u00e1sky, na n\u00ed\u017e se podn\u011bcuje a vy\u017eivuje tvo\u0159ivost, nez\u00e1vislost a v\u00e1\u0161niv\u00e1 touha. B\u011bhem podcast\u016f Laboratorio Autodidacta vych\u00e1zej\u00ed najevo st\u00e1le dal\u0161\u00ed a dal\u0161\u00ed zp\u016fsoby, jak poj\u00edmat autonomn\u00ed u\u010den\u00ed a jak je p\u0159ijmout za sv\u00e9. Zkuste se pod\u00edvat a uvid\u00edte sami.<\/p>\n\t\t\t\t\t\t\t\t<\/div>\n\t\t\t\t<\/div>\n\t\t\t\t\t<\/div>\n\t\t\t\t<\/div>\n\t\t<div class=\"elementor-element elementor-element-8f9331f e-flex e-con-boxed e-con e-parent\" data-id=\"8f9331f\" data-element_type=\"container\" data-e-type=\"container\">\n\t\t\t\t\t<div class=\"e-con-inner\">\n\t\t\t\t<div class=\"elementor-element elementor-element-cf30c2f elementor-widget elementor-widget-video\" data-id=\"cf30c2f\" data-element_type=\"widget\" data-e-type=\"widget\" data-settings=\"{&quot;youtube_url&quot;:&quot;https:\\\/\\\/youtu.be\\\/Jc-bSoA5Qlg?si=5LSWvpzq7kD_m0vE&quot;,&quot;video_type&quot;:&quot;youtube&quot;,&quot;controls&quot;:&quot;yes&quot;}\" data-widget_type=\"video.default\">\n\t\t\t\t<div class=\"elementor-widget-container\">\n\t\t\t\t\t\t\t<div class=\"elementor-wrapper elementor-open-inline\">\n\t\t\t<div class=\"elementor-video\"><\/div>\t\t<\/div>\n\t\t\t\t\t\t<\/div>\n\t\t\t\t<\/div>\n\t\t\t\t\t<\/div>\n\t\t\t\t<\/div>\n\t\t<div class=\"elementor-element elementor-element-0aafa42 e-flex e-con-boxed e-con e-parent\" data-id=\"0aafa42\" data-element_type=\"container\" data-e-type=\"container\">\n\t\t\t\t\t<div class=\"e-con-inner\">\n\t\t<div class=\"elementor-element elementor-element-ebca8c1 e-con-full e-flex e-con e-child\" data-id=\"ebca8c1\" data-element_type=\"container\" data-e-type=\"container\">\n\t\t\t\t<div class=\"elementor-element elementor-element-0d52156 elementor-align-center elementor-invisible elementor-widget elementor-widget-button\" data-id=\"0d52156\" data-element_type=\"widget\" data-e-type=\"widget\" data-settings=\"{&quot;_animation&quot;:&quot;fadeInLeft&quot;,&quot;_animation_delay&quot;:400}\" data-widget_type=\"button.default\">\n\t\t\t\t<div class=\"elementor-widget-container\">\n\t\t\t\t\t\t\t\t\t<div class=\"elementor-button-wrapper\">\n\t\t\t\t\t<a class=\"elementor-button elementor-button-link elementor-size-sm\" href=\"https:\/\/www.youtube.com\/channel\/UCvBCSpR6kugOjyrmHsgQVdA\">\n\t\t\t\t\t\t<span class=\"elementor-button-content-wrapper\">\n\t\t\t\t\t\t\t\t\t<span class=\"elementor-button-text\">Klikn\u011bte zde<\/span>\n\t\t\t\t\t<\/span>\n\t\t\t\t\t<\/a>\n\t\t\t\t<\/div>\n\t\t\t\t\t\t\t\t<\/div>\n\t\t\t\t<\/div>\n\t\t\t\t<\/div>\n\t\t<div class=\"elementor-element elementor-element-f9678cd e-con-full e-flex e-con e-child\" data-id=\"f9678cd\" data-element_type=\"container\" data-e-type=\"container\">\n\t\t\t\t<div class=\"elementor-element elementor-element-ebae34d elementor-invisible elementor-widget elementor-widget-heading\" data-id=\"ebae34d\" data-element_type=\"widget\" data-e-type=\"widget\" data-settings=\"{&quot;_animation&quot;:&quot;fadeInRight&quot;,&quot;_animation_delay&quot;:500}\" data-widget_type=\"heading.default\">\n\t\t\t\t<div class=\"elementor-widget-container\">\n\t\t\t\t\t<h2 class=\"elementor-heading-title elementor-size-default\">Pro shl\u00e9dnut\u00ed v\u0161ech d\u00edl\u016f<\/h2>\t\t\t\t<\/div>\n\t\t\t\t<\/div>\n\t\t\t\t<\/div>\n\t\t\t\t\t<\/div>\n\t\t\t\t<\/div>\n\t\t\t\t<\/div>\n\t\t","protected":false},"excerpt":{"rendered":"<p>Podcasty Podcasty Podcasty Laboratorio Autodidacta Hled\u00e1te-li hovory o u\u010den\u00ed, kter\u00e9 nem\u00e1 konce, pak jste tu spr\u00e1vn\u011b. https:\/\/youtu.be\/DuaYdy82Wag V podcastech Laboratorio Autodidacta spole\u010dn\u011b pronik\u00e1me k j\u00e1dru autonomn\u00edho u\u010den\u00ed, do prostor, kde se ve\u0161ker\u00e9 vzd\u011bl\u00e1v\u00e1n\u00ed p\u0159evt\u011bluje v hluboce osobn\u00ed a smysluplnou pou\u0165. V prost\u0159ed p\u0159\u00edtomnosti, kter\u00e1 si \u010dasto cen\u00ed konformity a p\u0159edem vy\u0161lapan\u00fdch cest, ne\u00fanavn\u011b zast\u00e1v\u00e1me n\u00e1zor, &hellip;<\/p>\n<p class=\"read-more\"> <a class=\"\" href=\"https:\/\/laboratorioautodidactico.com\/cs\/projekty\/\"> <span class=\"screen-reader-text\">Podcasty<\/span> Pokra\u010dovat ve \u010dten\u00ed &raquo;<\/a><\/p>\n","protected":false},"author":1,"featured_media":0,"parent":0,"menu_order":0,"comment_status":"closed","ping_status":"closed","template":"","meta":{"om_disable_all_campaigns":false,"_monsterinsights_skip_tracking":false,"_monsterinsights_sitenote_active":false,"_monsterinsights_sitenote_note":"","_monsterinsights_sitenote_category":0,"site-sidebar-layout":"no-sidebar","site-content-layout":"page-builder","ast-site-content-layout":"","site-content-style":"default","site-sidebar-style":"default","ast-global-header-display":"","ast-banner-title-visibility":"","ast-main-header-display":"","ast-hfb-above-header-display":"","ast-hfb-below-header-display":"","ast-hfb-mobile-header-display":"","site-post-title":"disabled","ast-breadcrumbs-content":"","ast-featured-img":"disabled","footer-sml-layout":"","theme-transparent-header-meta":"enabled","adv-header-id-meta":"","stick-header-meta":"","header-above-stick-meta":"","header-main-stick-meta":"","header-below-stick-meta":"","astra-migrate-meta-layouts":"","ast-page-background-enabled":"default","ast-page-background-meta":{"desktop":{"background-color":"","background-image":"","background-repeat":"repeat","background-position":"center center","background-size":"auto","background-attachment":"scroll","background-type":"","background-media":"","overlay-type":"","overlay-color":"","overlay-gradient":""},"tablet":{"background-color":"","background-image":"","background-repeat":"repeat","background-position":"center center","background-size":"auto","background-attachment":"scroll","background-type":"","background-media":"","overlay-type":"","overlay-color":"","overlay-gradient":""},"mobile":{"background-color":"","background-image":"","background-repeat":"repeat","background-position":"center center","background-size":"auto","background-attachment":"scroll","background-type":"","background-media":"","overlay-type":"","overlay-color":"","overlay-gradient":""}},"ast-content-background-meta":{"desktop":{"background-color":"var(--ast-global-color-5)","background-image":"","background-repeat":"repeat","background-position":"center center","background-size":"auto","background-attachment":"scroll","background-type":"","background-media":"","overlay-type":"","overlay-color":"","overlay-gradient":""},"tablet":{"background-color":"var(--ast-global-color-5)","background-image":"","background-repeat":"repeat","background-position":"center center","background-size":"auto","background-attachment":"scroll","background-type":"","background-media":"","overlay-type":"","overlay-color":"","overlay-gradient":""},"mobile":{"background-color":"var(--ast-global-color-5)","background-image":"","background-repeat":"repeat","background-position":"center center","background-size":"auto","background-attachment":"scroll","background-type":"","background-media":"","overlay-type":"","overlay-color":"","overlay-gradient":""}},"footnotes":""},"class_list":["post-1789","page","type-page","status-publish","hentry"],"aioseo_notices":[],"_links":{"self":[{"href":"https:\/\/laboratorioautodidactico.com\/cs\/wp-json\/wp\/v2\/pages\/1789"}],"collection":[{"href":"https:\/\/laboratorioautodidactico.com\/cs\/wp-json\/wp\/v2\/pages"}],"about":[{"href":"https:\/\/laboratorioautodidactico.com\/cs\/wp-json\/wp\/v2\/types\/page"}],"author":[{"embeddable":true,"href":"https:\/\/laboratorioautodidactico.com\/cs\/wp-json\/wp\/v2\/users\/1"}],"replies":[{"embeddable":true,"href":"https:\/\/laboratorioautodidactico.com\/cs\/wp-json\/wp\/v2\/comments?post=1789"}],"version-history":[{"count":7,"href":"https:\/\/laboratorioautodidactico.com\/cs\/wp-json\/wp\/v2\/pages\/1789\/revisions"}],"predecessor-version":[{"id":2123,"href":"https:\/\/laboratorioautodidactico.com\/cs\/wp-json\/wp\/v2\/pages\/1789\/revisions\/2123"}],"wp:attachment":[{"href":"https:\/\/laboratorioautodidactico.com\/cs\/wp-json\/wp\/v2\/media?parent=1789"}],"curies":[{"name":"wp","href":"https:\/\/api.w.org\/{rel}","templated":true}]}}