{"id":1853,"date":"2018-11-27T09:17:28","date_gmt":"2018-11-27T08:17:28","guid":{"rendered":"https:\/\/laboratorioautodidactico.com\/sluzby\/"},"modified":"2024-04-23T00:03:05","modified_gmt":"2024-04-22T22:03:05","slug":"sluzby","status":"publish","type":"page","link":"https:\/\/laboratorioautodidactico.com\/cs\/sluzby\/","title":{"rendered":"Na\u0161e praxe"},"content":{"rendered":"\t\t<div data-elementor-type=\"wp-post\" data-elementor-id=\"1853\" class=\"elementor elementor-1853 elementor-565\" data-elementor-post-type=\"page\">\n\t\t\t\t\t\t<section class=\"elementor-section elementor-top-section elementor-element elementor-element-33a79095 elementor-section-boxed elementor-section-height-default elementor-section-height-default\" data-id=\"33a79095\" data-element_type=\"section\" data-e-type=\"section\" data-settings=\"{&quot;background_background&quot;:&quot;classic&quot;}\">\n\t\t\t\t\t\t\t<div class=\"elementor-background-overlay\"><\/div>\n\t\t\t\t\t\t\t<div class=\"elementor-container elementor-column-gap-default\">\n\t\t\t\t\t<div class=\"elementor-column elementor-col-100 elementor-top-column elementor-element elementor-element-3706530d\" data-id=\"3706530d\" data-element_type=\"column\" data-e-type=\"column\">\n\t\t\t<div class=\"elementor-widget-wrap elementor-element-populated\">\n\t\t\t\t\t\t<div class=\"elementor-element elementor-element-537de1f elementor-invisible elementor-widget elementor-widget-heading\" data-id=\"537de1f\" data-element_type=\"widget\" data-e-type=\"widget\" data-settings=\"{&quot;_animation&quot;:&quot;fadeIn&quot;,&quot;_animation_delay&quot;:400}\" data-widget_type=\"heading.default\">\n\t\t\t\t<div class=\"elementor-widget-container\">\n\t\t\t\t\t<h1 class=\"elementor-heading-title elementor-size-default\">Na\u0161e praxe<\/h1>\t\t\t\t<\/div>\n\t\t\t\t<\/div>\n\t\t\t\t\t<\/div>\n\t\t<\/div>\n\t\t\t\t\t<\/div>\n\t\t<\/section>\n\t\t\t\t<section class=\"elementor-section elementor-top-section elementor-element elementor-element-2dbed9a elementor-section-boxed elementor-section-height-default elementor-section-height-default\" data-id=\"2dbed9a\" data-element_type=\"section\" data-e-type=\"section\">\n\t\t\t\t\t\t<div class=\"elementor-container elementor-column-gap-default\">\n\t\t\t\t\t<div class=\"elementor-column elementor-col-100 elementor-top-column elementor-element elementor-element-1ca627b\" data-id=\"1ca627b\" data-element_type=\"column\" data-e-type=\"column\">\n\t\t\t<div class=\"elementor-widget-wrap elementor-element-populated\">\n\t\t\t\t\t\t<div class=\"elementor-element elementor-element-42fd904 elementor-invisible elementor-widget elementor-widget-heading\" data-id=\"42fd904\" data-element_type=\"widget\" data-e-type=\"widget\" data-settings=\"{&quot;_animation&quot;:&quot;fadeInRight&quot;,&quot;_animation_delay&quot;:400}\" data-widget_type=\"heading.default\">\n\t\t\t\t<div class=\"elementor-widget-container\">\n\t\t\t\t\t<h2 class=\"elementor-heading-title elementor-size-default\">Na\u0161e praxe je vedena p\u0159\u00e1n\u00edm aktivovat d\u016fv\u011bru v \u017eivot.<\/h2>\t\t\t\t<\/div>\n\t\t\t\t<\/div>\n\t\t\t\t<div class=\"elementor-element elementor-element-432499d elementor-widget-divider--view-line elementor-widget elementor-widget-divider\" data-id=\"432499d\" data-element_type=\"widget\" data-e-type=\"widget\" data-widget_type=\"divider.default\">\n\t\t\t\t<div class=\"elementor-widget-container\">\n\t\t\t\t\t\t\t<div class=\"elementor-divider\">\n\t\t\t<span class=\"elementor-divider-separator\">\n\t\t\t\t\t\t<\/span>\n\t\t<\/div>\n\t\t\t\t\t\t<\/div>\n\t\t\t\t<\/div>\n\t\t\t\t<div class=\"elementor-element elementor-element-8dff22f elementor-invisible elementor-widget elementor-widget-text-editor\" data-id=\"8dff22f\" data-element_type=\"widget\" data-e-type=\"widget\" data-settings=\"{&quot;_animation&quot;:&quot;fadeInUp&quot;,&quot;_animation_delay&quot;:300}\" data-widget_type=\"text-editor.default\">\n\t\t\t\t<div class=\"elementor-widget-container\">\n\t\t\t\t\t\t\t\t\t<div class=\"page\" title=\"Strana 6\">\n<div class=\"section\">\n<div class=\"layoutArea\">\n<div class=\"column\">\n<p style=\"text-align: left;\"><strong>Na\u0161e praxe je vedena p\u0159\u00e1n\u00edm aktivovat d\u016fv\u011bru v \u017eivot.<\/strong> a jeho procesy a nap\u0159\u00ed\u010d jednotliv\u00fdmi obdob\u00edmi \u017eivota poskytovat lidsk\u00e9 bytosti prostor k harmonick\u00e9mu rozvoji a r\u016fstu jak v kruhu rodiny, tak tak\u00e9 v \u0161ir\u0161\u00edm spole\u010densk\u00e9m kontextu na p\u016fd\u011b r\u016fzn\u00fdch tradi\u010dn\u00edch nebo komunitn\u00edch vzd\u011bl\u00e1vac\u00edch za\u0159\u00edzen\u00ed praktikuj\u00edc\u00edch nedirektivn\u00ed p\u0159\u00edstup. Jinak \u0159e\u010deno, budovat takovou atmosf\u00e9ru, v n\u00ed\u017e se posl\u00e9ze v\u0161ichni p\u0159\u00edslu\u0161n\u00edci dan\u00e9ho spole\u010densk\u00e9ho uskupen\u00ed mohou c\u00edtit dob\u0159e a za\u017e\u00edvat uspokojen\u00ed.<\/p>\n<p style=\"text-align: left;\">Proj\u00edt si proces osobn\u00ed prom\u011bny a n\u00e1sledn\u011b b\u00fdt s to ujmout se vzd\u011bl\u00e1v\u00e1n\u00ed vlastn\u00edch \u010di dal\u0161\u00edch d\u011bt\u00ed a dosp\u00edvaj\u00edc\u00edch v\u017edy v souladu s jejich moment\u00e1ln\u00edm stupn\u011bm zralosti, dle jejich osobn\u00edho rytmu a individu\u00e1ln\u00edch charakteristik. <strong>Takov\u00fd<\/strong> krok je mo\u017en\u00fd, pokud se budeme um\u011bt pozastavit a rozhl\u00ed\u017eet se kolem jako pozorovatel\u00e9 ve stavu \u201ev\u011bdom\u00e9 duchap\u0159\u00edtomnosti\u201c. D\u00edky takov\u00e9mu vnit\u0159n\u00edmu rozpolo\u017een\u00ed budeme moci poka\u017ed\u00e9 znovu porozum\u011bt autentick\u00fdm pot\u0159eb\u00e1m toho kter\u00e9ho jedince a posl\u00e9ze je vyu\u017e\u00edt jako vod\u00edtko p\u0159i tvorb\u011b prost\u0159ed\u00ed a ve\u0161ker\u00fdch podm\u00ednek, bez nich\u017e nelze autentick\u00e9 pot\u0159eby napl\u0148ovat.<\/p>\n<p style=\"text-align: left;\"><strong>S tvorbou<\/strong> p\u0159ipraven\u00e9ho prost\u0159ed\u00ed je spjato hned n\u011bkolik r\u016fzn\u00fdch hledisek. Jedno z nich spo\u010d\u00edv\u00e1 v odhalen\u00ed tajemstv\u00ed skryt\u00e9m v ot\u00e1zce po lidsk\u00e9 p\u0159irozenosti a potenci\u00e1lu. Odpov\u011bdi se za\u010dnou hl\u00e1sit, jakmile budeme prost\u0159ed\u00ed utv\u00e1\u0159et a upravovat dle konkr\u00e9tn\u00edch projev\u016f \u010dinorodosti toho kter\u00e9ho d\u00edt\u011bte, dosp\u00edvaj\u00edc\u00edho \u010di dosp\u011bl\u00e9ho \u010dlov\u011bka. Pr\u00e1v\u011b tyto projevy jsou toti\u017e ukazatelem, d\u00edky n\u011bmu\u017e budeme moci dan\u00fd \u017eivotn\u00ed prostor obohacovat o vhodn\u00e9 hrav\u00e9 a didaktick\u00e9 materi\u00e1ly a pr\u016fb\u011b\u017en\u011b je dopl\u0148ovat a prom\u011b\u0148ovat a v\u016fbec uzp\u016fsobovat celkov\u00fd \u0159\u00e1d ve\u0161ker\u00e9ho z\u00e1zem\u00ed. Podn\u011bty, kter\u00e9 p\u0159ich\u00e1zej\u00ed z prost\u0159ed\u00ed, v n\u011bm\u017e pob\u00fdv\u00e1me, poh\u00e1n\u011bj\u00ed dynamiku vlastn\u00edho objevov\u00e1n\u00ed a aktivuj\u00ed um\u011bn\u00ed u\u010dit se, jak se u\u010dit. A to je z\u00e1klad samouctv\u00ed coby p\u0159irozen\u00e9ho, biologicky ukotven\u00e9ho procesu.<\/p>\n<\/div>\n<\/div>\n<\/div>\n<\/div>\n\t\t\t\t\t\t\t\t<\/div>\n\t\t\t\t<\/div>\n\t\t\t\t\t<\/div>\n\t\t<\/div>\n\t\t\t\t\t<\/div>\n\t\t<\/section>\n\t\t<div class=\"elementor-element elementor-element-b29c122 e-flex e-con-boxed e-con e-parent\" data-id=\"b29c122\" data-element_type=\"container\" data-e-type=\"container\">\n\t\t\t\t\t<div class=\"e-con-inner\">\n\t\t\t\t<div class=\"elementor-element elementor-element-2a6caa7 elementor-invisible elementor-widget elementor-widget-heading\" data-id=\"2a6caa7\" data-element_type=\"widget\" data-e-type=\"widget\" data-settings=\"{&quot;_animation&quot;:&quot;fadeIn&quot;,&quot;_animation_delay&quot;:400}\" data-widget_type=\"heading.default\">\n\t\t\t\t<div class=\"elementor-widget-container\">\n\t\t\t\t\t<h2 class=\"elementor-heading-title elementor-size-default\">V\u00edtejte ve sv\u011bt\u011b, kde se u\u010den\u00ed d\u011bje ve hmatateln\u00fdch nitern\u00fdch souvislostech!<\/h2>\t\t\t\t<\/div>\n\t\t\t\t<\/div>\n\t\t\t\t\t<\/div>\n\t\t\t\t<\/div>\n\t\t\t\t<section class=\"elementor-section elementor-inner-section elementor-element elementor-element-d6c60ea elementor-section-boxed elementor-section-height-default elementor-section-height-default\" data-id=\"d6c60ea\" data-element_type=\"section\" data-e-type=\"section\">\n\t\t\t\t\t\t<div class=\"elementor-container elementor-column-gap-default\">\n\t\t\t\t\t<div class=\"elementor-column elementor-col-50 elementor-inner-column elementor-element elementor-element-f20a204\" data-id=\"f20a204\" data-element_type=\"column\" data-e-type=\"column\">\n\t\t\t<div class=\"elementor-widget-wrap elementor-element-populated\">\n\t\t\t\t\t\t<div class=\"elementor-element elementor-element-d0c44fe elementor-position-top elementor-invisible elementor-widget elementor-widget-image-box\" data-id=\"d0c44fe\" data-element_type=\"widget\" data-e-type=\"widget\" data-settings=\"{&quot;_animation&quot;:&quot;fadeIn&quot;,&quot;_animation_delay&quot;:300}\" data-widget_type=\"image-box.default\">\n\t\t\t\t<div class=\"elementor-widget-container\">\n\t\t\t\t\t<div class=\"elementor-image-box-wrapper\"><figure class=\"elementor-image-box-img\"><img fetchpriority=\"high\" decoding=\"async\" width=\"2407\" height=\"2400\" src=\"https:\/\/laboratorioautodidactico.com\/wp-content\/uploads\/2023\/11\/LikeMinded-highresolution-1.jpg\" class=\"attachment-full size-full wp-image-1671\" alt=\"\" srcset=\"https:\/\/laboratorioautodidactico.com\/wp-content\/uploads\/2023\/11\/LikeMinded-highresolution-1.jpg 2407w, https:\/\/laboratorioautodidactico.com\/wp-content\/uploads\/2023\/11\/LikeMinded-highresolution-1-300x300.jpg 300w, https:\/\/laboratorioautodidactico.com\/wp-content\/uploads\/2023\/11\/LikeMinded-highresolution-1-1024x1021.jpg 1024w, https:\/\/laboratorioautodidactico.com\/wp-content\/uploads\/2023\/11\/LikeMinded-highresolution-1-150x150.jpg 150w, https:\/\/laboratorioautodidactico.com\/wp-content\/uploads\/2023\/11\/LikeMinded-highresolution-1-768x766.jpg 768w, https:\/\/laboratorioautodidactico.com\/wp-content\/uploads\/2023\/11\/LikeMinded-highresolution-1-1536x1532.jpg 1536w, https:\/\/laboratorioautodidactico.com\/wp-content\/uploads\/2023\/11\/LikeMinded-highresolution-1-2048x2042.jpg 2048w, https:\/\/laboratorioautodidactico.com\/wp-content\/uploads\/2023\/11\/LikeMinded-highresolution-1-1320x1316.jpg 1320w, https:\/\/laboratorioautodidactico.com\/wp-content\/uploads\/2023\/11\/LikeMinded-highresolution-1-600x598.jpg 600w, https:\/\/laboratorioautodidactico.com\/wp-content\/uploads\/2023\/11\/LikeMinded-highresolution-1-100x100.jpg 100w\" sizes=\"(max-width: 2407px) 100vw, 2407px\" \/><\/figure><div class=\"elementor-image-box-content\"><h5 class=\"elementor-image-box-title\">Komu je na\u0161e nab\u00eddka ur\u010dena?<\/h5><p class=\"elementor-image-box-description\">LaNab\u00eddka projektu Laboratorio Autodidacta je ur\u010dena rodi\u010d\u016fm a v\u0161em dosp\u011bl\u00fdm, kte\u0159\u00ed jsou jako doprovod jakkoli p\u0159\u00edtomni autonomn\u00edm u\u010debn\u00edm proces\u016fm. Je d\u016fle\u017eit\u00e9 m\u00edt na pam\u011bti, \u017ee prav\u00fd u\u010debn\u00ed proces se zakl\u00e1d\u00e1 na interakci s konkr\u00e9tn\u00edmi skute\u010dnostmi.<\/p><\/div><\/div>\t\t\t\t<\/div>\n\t\t\t\t<\/div>\n\t\t\t\t\t<\/div>\n\t\t<\/div>\n\t\t\t\t<div class=\"elementor-column elementor-col-50 elementor-inner-column elementor-element elementor-element-bce40d9\" data-id=\"bce40d9\" data-element_type=\"column\" data-e-type=\"column\">\n\t\t\t<div class=\"elementor-widget-wrap elementor-element-populated\">\n\t\t\t\t\t\t<div class=\"elementor-element elementor-element-cce00ea elementor-invisible elementor-widget elementor-widget-image\" data-id=\"cce00ea\" data-element_type=\"widget\" data-e-type=\"widget\" data-settings=\"{&quot;_animation&quot;:&quot;fadeInRight&quot;}\" data-widget_type=\"image.default\">\n\t\t\t\t<div class=\"elementor-widget-container\">\n\t\t\t\t\t\t\t\t\t\t\t\t\t\t\t<img decoding=\"async\" width=\"580\" height=\"500\" src=\"https:\/\/laboratorioautodidactico.com\/wp-content\/uploads\/2023\/11\/method3.jpg\" class=\"attachment-large size-large wp-image-1653\" alt=\"\" srcset=\"https:\/\/laboratorioautodidactico.com\/wp-content\/uploads\/2023\/11\/method3.jpg 580w, https:\/\/laboratorioautodidactico.com\/wp-content\/uploads\/2023\/11\/method3-300x259.jpg 300w\" sizes=\"(max-width: 580px) 100vw, 580px\" \/>\t\t\t\t\t\t\t\t\t\t\t\t\t\t\t<\/div>\n\t\t\t\t<\/div>\n\t\t\t\t<div class=\"elementor-element elementor-element-c17baf9 elementor-invisible elementor-widget elementor-widget-image-box\" data-id=\"c17baf9\" data-element_type=\"widget\" data-e-type=\"widget\" data-settings=\"{&quot;_animation&quot;:&quot;fadeIn&quot;,&quot;_animation_delay&quot;:300}\" data-widget_type=\"image-box.default\">\n\t\t\t\t<div class=\"elementor-widget-container\">\n\t\t\t\t\t<div class=\"elementor-image-box-wrapper\"><div class=\"elementor-image-box-content\"><h5 class=\"elementor-image-box-title\">Co budete moci objevit?<\/h5><p class=\"elementor-image-box-description\">\u017de matematiku, jazyk i ostatn\u00ed v\u011bdeck\u00e9 discipl\u00edny lze uchopit jako vnit\u0159n\u00ed pro\u017eitek.<\/p><\/div><\/div>\t\t\t\t<\/div>\n\t\t\t\t<\/div>\n\t\t\t\t\t<\/div>\n\t\t<\/div>\n\t\t\t\t\t<\/div>\n\t\t<\/section>\n\t\t\t\t<section class=\"elementor-section elementor-inner-section elementor-element elementor-element-3dca23c elementor-section-boxed elementor-section-height-default elementor-section-height-default\" data-id=\"3dca23c\" data-element_type=\"section\" data-e-type=\"section\">\n\t\t\t\t\t\t<div class=\"elementor-container elementor-column-gap-default\">\n\t\t\t\t\t<div class=\"elementor-column elementor-col-50 elementor-inner-column elementor-element elementor-element-f58b4c4\" data-id=\"f58b4c4\" data-element_type=\"column\" data-e-type=\"column\">\n\t\t\t<div class=\"elementor-widget-wrap elementor-element-populated\">\n\t\t\t\t\t\t<div class=\"elementor-element elementor-element-d7fa0e3 elementor-invisible elementor-widget elementor-widget-image\" data-id=\"d7fa0e3\" data-element_type=\"widget\" data-e-type=\"widget\" data-settings=\"{&quot;_animation&quot;:&quot;fadeInLeft&quot;}\" data-widget_type=\"image.default\">\n\t\t\t\t<div class=\"elementor-widget-container\">\n\t\t\t\t\t\t\t\t\t\t\t\t\t\t\t<img decoding=\"async\" width=\"1024\" height=\"763\" src=\"https:\/\/laboratorioautodidactico.com\/wp-content\/uploads\/2023\/11\/WhatsApp-Image-2023-11-07-at-12.54.24-p.-m-1024x763.jpeg\" class=\"attachment-large size-large wp-image-1661\" alt=\"\" srcset=\"https:\/\/laboratorioautodidactico.com\/wp-content\/uploads\/2023\/11\/WhatsApp-Image-2023-11-07-at-12.54.24-p.-m-1024x763.jpeg 1024w, https:\/\/laboratorioautodidactico.com\/wp-content\/uploads\/2023\/11\/WhatsApp-Image-2023-11-07-at-12.54.24-p.-m-300x224.jpeg 300w, https:\/\/laboratorioautodidactico.com\/wp-content\/uploads\/2023\/11\/WhatsApp-Image-2023-11-07-at-12.54.24-p.-m-768x573.jpeg 768w, https:\/\/laboratorioautodidactico.com\/wp-content\/uploads\/2023\/11\/WhatsApp-Image-2023-11-07-at-12.54.24-p.-m-1320x984.jpeg 1320w, https:\/\/laboratorioautodidactico.com\/wp-content\/uploads\/2023\/11\/WhatsApp-Image-2023-11-07-at-12.54.24-p.-m-600x447.jpeg 600w, https:\/\/laboratorioautodidactico.com\/wp-content\/uploads\/2023\/11\/WhatsApp-Image-2023-11-07-at-12.54.24-p.-m.jpeg 1328w\" sizes=\"(max-width: 1024px) 100vw, 1024px\" \/>\t\t\t\t\t\t\t\t\t\t\t\t\t\t\t<\/div>\n\t\t\t\t<\/div>\n\t\t\t\t<div class=\"elementor-element elementor-element-66bbc4f elementor-invisible elementor-widget elementor-widget-image-box\" data-id=\"66bbc4f\" data-element_type=\"widget\" data-e-type=\"widget\" data-settings=\"{&quot;_animation&quot;:&quot;fadeIn&quot;,&quot;_animation_delay&quot;:300}\" data-widget_type=\"image-box.default\">\n\t\t\t\t<div class=\"elementor-widget-container\">\n\t\t\t\t\t<div class=\"elementor-image-box-wrapper\"><div class=\"elementor-image-box-content\"><h5 class=\"elementor-image-box-title\">Jak\u00fd je potenci\u00e1l hravosti?<\/h5><p class=\"elementor-image-box-description\">Skute\u010dnPrav\u00e1 p\u0159irozenost ve\u0161ker\u00e9ho u\u010den\u00ed si \u017e\u00e1d\u00e1 uchov\u00e1n\u00ed hravosti a jej\u00ed impulzivnosti. V t\u00fdch\u017e dynamik\u00e1ch se i my, dosp\u011bl\u00ed, znovu spojujeme se sv\u00fdm vnit\u0159n\u00edm d\u00edt\u011btem.<\/p><\/div><\/div>\t\t\t\t<\/div>\n\t\t\t\t<\/div>\n\t\t\t\t\t<\/div>\n\t\t<\/div>\n\t\t\t\t<div class=\"elementor-column elementor-col-50 elementor-inner-column elementor-element elementor-element-31ca30b\" data-id=\"31ca30b\" data-element_type=\"column\" data-e-type=\"column\">\n\t\t\t<div class=\"elementor-widget-wrap elementor-element-populated\">\n\t\t\t\t\t\t<div class=\"elementor-element elementor-element-238cce3 elementor-invisible elementor-widget elementor-widget-image\" data-id=\"238cce3\" data-element_type=\"widget\" data-e-type=\"widget\" data-settings=\"{&quot;_animation&quot;:&quot;fadeInRight&quot;}\" data-widget_type=\"image.default\">\n\t\t\t\t<div class=\"elementor-widget-container\">\n\t\t\t\t\t\t\t\t\t\t\t\t\t\t\t<img loading=\"lazy\" decoding=\"async\" width=\"1024\" height=\"768\" src=\"https:\/\/laboratorioautodidactico.com\/wp-content\/uploads\/2023\/11\/WhatsApp-Image-2023-11-07-at-12.56.32-p.-m-1024x768.jpeg\" class=\"attachment-large size-large wp-image-1659\" alt=\"\" srcset=\"https:\/\/laboratorioautodidactico.com\/wp-content\/uploads\/2023\/11\/WhatsApp-Image-2023-11-07-at-12.56.32-p.-m-1024x768.jpeg 1024w, https:\/\/laboratorioautodidactico.com\/wp-content\/uploads\/2023\/11\/WhatsApp-Image-2023-11-07-at-12.56.32-p.-m-300x225.jpeg 300w, https:\/\/laboratorioautodidactico.com\/wp-content\/uploads\/2023\/11\/WhatsApp-Image-2023-11-07-at-12.56.32-p.-m-768x576.jpeg 768w, https:\/\/laboratorioautodidactico.com\/wp-content\/uploads\/2023\/11\/WhatsApp-Image-2023-11-07-at-12.56.32-p.-m-1320x990.jpeg 1320w, https:\/\/laboratorioautodidactico.com\/wp-content\/uploads\/2023\/11\/WhatsApp-Image-2023-11-07-at-12.56.32-p.-m-600x450.jpeg 600w, https:\/\/laboratorioautodidactico.com\/wp-content\/uploads\/2023\/11\/WhatsApp-Image-2023-11-07-at-12.56.32-p.-m.jpeg 1500w\" sizes=\"(max-width: 1024px) 100vw, 1024px\" \/>\t\t\t\t\t\t\t\t\t\t\t\t\t\t\t<\/div>\n\t\t\t\t<\/div>\n\t\t\t\t<div class=\"elementor-element elementor-element-00d7c15 elementor-invisible elementor-widget elementor-widget-image-box\" data-id=\"00d7c15\" data-element_type=\"widget\" data-e-type=\"widget\" data-settings=\"{&quot;_animation&quot;:&quot;fadeIn&quot;,&quot;_animation_delay&quot;:300}\" data-widget_type=\"image-box.default\">\n\t\t\t\t<div class=\"elementor-widget-container\">\n\t\t\t\t\t<div class=\"elementor-image-box-wrapper\"><div class=\"elementor-image-box-content\"><h5 class=\"elementor-image-box-title\">Co zna\u010d\u00ed autonomie a sebe\u0159\u00edzen\u00ed?<\/h5><p class=\"elementor-image-box-description\">MontesMateri\u00e1ly a pom\u016fcky inspirovan\u00e9 syst\u00e9mem montessori jsou ji\u017e ze sv\u00e9 podstaty autonomn\u00ed. A to zna\u010d\u00ed, \u017ee si s nimi d\u011bti mohou hr\u00e1t a pracovat zcela nez\u00e1visle a p\u0159i zachov\u00e1n\u00ed ve\u0161ker\u00e9 vlastn\u00ed sv\u00e9bytnosti.<\/p><\/div><\/div>\t\t\t\t<\/div>\n\t\t\t\t<\/div>\n\t\t\t\t\t<\/div>\n\t\t<\/div>\n\t\t\t\t\t<\/div>\n\t\t<\/section>\n\t\t<div class=\"elementor-element elementor-element-859c2f7 e-flex e-con-boxed e-con e-parent\" data-id=\"859c2f7\" data-element_type=\"container\" data-e-type=\"container\">\n\t\t\t\t\t<div class=\"e-con-inner\">\n\t\t\t\t<div class=\"elementor-element elementor-element-f9afffb elementor-view-framed elementor-shape-square elementor-widget__width-auto elementor-fixed elementor-position-block-start elementor-mobile-position-block-start elementor-invisible elementor-widget elementor-widget-icon-box\" data-id=\"f9afffb\" data-element_type=\"widget\" data-e-type=\"widget\" data-settings=\"{&quot;_position&quot;:&quot;fixed&quot;,&quot;_animation&quot;:&quot;fadeInUp&quot;}\" data-widget_type=\"icon-box.default\">\n\t\t\t\t<div class=\"elementor-widget-container\">\n\t\t\t\t\t\t\t<div class=\"elementor-icon-box-wrapper\">\n\n\t\t\t\t\t\t<div class=\"elementor-icon-box-icon\">\n\t\t\t\t<a href=\"#masthead\" class=\"elementor-icon\" tabindex=\"-1\">\n\t\t\t\t<svg aria-hidden=\"true\" class=\"e-font-icon-svg e-fas-arrow-up\" viewBox=\"0 0 448 512\" xmlns=\"http:\/\/www.w3.org\/2000\/svg\"><path d=\"M34.9 289.5l-22.2-22.2c-9.4-9.4-9.4-24.6 0-33.9L207 39c9.4-9.4 24.6-9.4 33.9 0l194.3 194.3c9.4 9.4 9.4 24.6 0 33.9L413 289.4c-9.5 9.5-25 9.3-34.3-.4L264 168.6V456c0 13.3-10.7 24-24 24h-32c-13.3 0-24-10.7-24-24V168.6L69.2 289.1c-9.3 9.8-24.8 10-34.3.4z\"><\/path><\/svg>\t\t\t\t<\/a>\n\t\t\t<\/div>\n\t\t\t\n\t\t\t\n\t\t<\/div>\n\t\t\t\t\t\t<\/div>\n\t\t\t\t<\/div>\n\t\t\t\t\t<\/div>\n\t\t\t\t<\/div>\n\t\t\t\t<\/div>\n\t\t","protected":false},"excerpt":{"rendered":"<p>Na\u0161e praxe Na\u0161e praxe je vedena p\u0159\u00e1n\u00edm aktivovat d\u016fv\u011bru v \u017eivot. Na\u0161e praxe je vedena p\u0159\u00e1n\u00edm aktivovat d\u016fv\u011bru v \u017eivot. a jeho procesy a nap\u0159\u00ed\u010d jednotliv\u00fdmi obdob\u00edmi \u017eivota poskytovat lidsk\u00e9 bytosti prostor k harmonick\u00e9mu rozvoji a r\u016fstu jak v kruhu rodiny, tak tak\u00e9 v \u0161ir\u0161\u00edm spole\u010densk\u00e9m kontextu na p\u016fd\u011b r\u016fzn\u00fdch tradi\u010dn\u00edch nebo komunitn\u00edch vzd\u011bl\u00e1vac\u00edch za\u0159\u00edzen\u00ed &hellip;<\/p>\n<p class=\"read-more\"> <a class=\"\" href=\"https:\/\/laboratorioautodidactico.com\/cs\/sluzby\/\"> <span class=\"screen-reader-text\">Na\u0161e praxe<\/span> Pokra\u010dovat ve \u010dten\u00ed &raquo;<\/a><\/p>\n","protected":false},"author":1,"featured_media":0,"parent":0,"menu_order":0,"comment_status":"closed","ping_status":"closed","template":"","meta":{"om_disable_all_campaigns":false,"_monsterinsights_skip_tracking":false,"_monsterinsights_sitenote_active":false,"_monsterinsights_sitenote_note":"","_monsterinsights_sitenote_category":0,"site-sidebar-layout":"no-sidebar","site-content-layout":"page-builder","ast-site-content-layout":"","site-content-style":"default","site-sidebar-style":"default","ast-global-header-display":"","ast-banner-title-visibility":"","ast-main-header-display":"","ast-hfb-above-header-display":"","ast-hfb-below-header-display":"","ast-hfb-mobile-header-display":"","site-post-title":"disabled","ast-breadcrumbs-content":"","ast-featured-img":"disabled","footer-sml-layout":"","theme-transparent-header-meta":"enabled","adv-header-id-meta":"","stick-header-meta":"","header-above-stick-meta":"","header-main-stick-meta":"","header-below-stick-meta":"","astra-migrate-meta-layouts":"","ast-page-background-enabled":"default","ast-page-background-meta":{"desktop":{"background-color":"","background-image":"","background-repeat":"repeat","background-position":"center center","background-size":"auto","background-attachment":"scroll","background-type":"","background-media":"","overlay-type":"","overlay-color":"","overlay-gradient":""},"tablet":{"background-color":"","background-image":"","background-repeat":"repeat","background-position":"center center","background-size":"auto","background-attachment":"scroll","background-type":"","background-media":"","overlay-type":"","overlay-color":"","overlay-gradient":""},"mobile":{"background-color":"","background-image":"","background-repeat":"repeat","background-position":"center center","background-size":"auto","background-attachment":"scroll","background-type":"","background-media":"","overlay-type":"","overlay-color":"","overlay-gradient":""}},"ast-content-background-meta":{"desktop":{"background-color":"var(--ast-global-color-5)","background-image":"","background-repeat":"repeat","background-position":"center center","background-size":"auto","background-attachment":"scroll","background-type":"","background-media":"","overlay-type":"","overlay-color":"","overlay-gradient":""},"tablet":{"background-color":"var(--ast-global-color-5)","background-image":"","background-repeat":"repeat","background-position":"center center","background-size":"auto","background-attachment":"scroll","background-type":"","background-media":"","overlay-type":"","overlay-color":"","overlay-gradient":""},"mobile":{"background-color":"var(--ast-global-color-5)","background-image":"","background-repeat":"repeat","background-position":"center center","background-size":"auto","background-attachment":"scroll","background-type":"","background-media":"","overlay-type":"","overlay-color":"","overlay-gradient":""}},"footnotes":""},"class_list":["post-1853","page","type-page","status-publish","hentry"],"aioseo_notices":[],"_links":{"self":[{"href":"https:\/\/laboratorioautodidactico.com\/cs\/wp-json\/wp\/v2\/pages\/1853"}],"collection":[{"href":"https:\/\/laboratorioautodidactico.com\/cs\/wp-json\/wp\/v2\/pages"}],"about":[{"href":"https:\/\/laboratorioautodidactico.com\/cs\/wp-json\/wp\/v2\/types\/page"}],"author":[{"embeddable":true,"href":"https:\/\/laboratorioautodidactico.com\/cs\/wp-json\/wp\/v2\/users\/1"}],"replies":[{"embeddable":true,"href":"https:\/\/laboratorioautodidactico.com\/cs\/wp-json\/wp\/v2\/comments?post=1853"}],"version-history":[{"count":14,"href":"https:\/\/laboratorioautodidactico.com\/cs\/wp-json\/wp\/v2\/pages\/1853\/revisions"}],"predecessor-version":[{"id":2084,"href":"https:\/\/laboratorioautodidactico.com\/cs\/wp-json\/wp\/v2\/pages\/1853\/revisions\/2084"}],"wp:attachment":[{"href":"https:\/\/laboratorioautodidactico.com\/cs\/wp-json\/wp\/v2\/media?parent=1853"}],"curies":[{"name":"wp","href":"https:\/\/api.w.org\/{rel}","templated":true}]}}