{"id":1890,"date":"2024-01-15T19:42:06","date_gmt":"2024-01-15T18:42:06","guid":{"rendered":"https:\/\/laboratorioautodidactico.com\/zasady-ochrany-osobnich-udaju-pravidla-a-podminky\/"},"modified":"2024-06-17T16:32:08","modified_gmt":"2024-06-17T14:32:08","slug":"zasady-ochrany-osobnich-udaju-pravidla-a-podminky","status":"publish","type":"page","link":"https:\/\/laboratorioautodidactico.com\/cs\/zasady-ochrany-osobnich-udaju-pravidla-a-podminky\/","title":{"rendered":"Z\u00c1SADY OCHRANY OSOBN\u00cdCH \u00daDAJ\u016e. PRAVIDLA A PODM\u00cdNKY."},"content":{"rendered":"\t\t<div data-elementor-type=\"wp-page\" data-elementor-id=\"1890\" class=\"elementor elementor-1890 elementor-1469\" data-elementor-post-type=\"page\">\n\t\t\t\t<div class=\"elementor-element elementor-element-6dd7f44 e-flex e-con-boxed e-con e-parent\" data-id=\"6dd7f44\" data-element_type=\"container\" data-e-type=\"container\">\n\t\t\t\t\t<div class=\"e-con-inner\">\n\t\t\t\t<div class=\"elementor-element elementor-element-eaa8c73 elementor-widget elementor-widget-heading\" data-id=\"eaa8c73\" data-element_type=\"widget\" data-e-type=\"widget\" data-widget_type=\"heading.default\">\n\t\t\t\t<div class=\"elementor-widget-container\">\n\t\t\t\t\t<h2 class=\"elementor-heading-title elementor-size-default\">Z\u00c1SADY OCHRANY OSOBN\u00cdCH \u00daDAJ\u016e. PRAVIDLA A PODM\u00cdNKY.<\/h2>\t\t\t\t<\/div>\n\t\t\t\t<\/div>\n\t\t\t\t\t<\/div>\n\t\t\t\t<\/div>\n\t\t<div class=\"elementor-element elementor-element-b6ba27e e-flex e-con-boxed e-con e-parent\" data-id=\"b6ba27e\" data-element_type=\"container\" data-e-type=\"container\">\n\t\t\t\t\t<div class=\"e-con-inner\">\n\t\t\t\t<div class=\"elementor-element elementor-element-e0385a5 elementor-widget elementor-widget-text-editor\" data-id=\"e0385a5\" data-element_type=\"widget\" data-e-type=\"widget\" data-widget_type=\"text-editor.default\">\n\t\t\t\t<div class=\"elementor-widget-container\">\n\t\t\t\t\t\t\t\t\t<p>Tyto z\u00e1sady ochrany osobn\u00edch \u00fadaj\u016f stanovuj\u00ed podm\u00ednky, za nich\u017e spole\u010dnost <strong>LABORATORIO AUTODIDACTA<\/strong> pou\u017e\u00edv\u00e1 a chr\u00e1n\u00ed informace, kter\u00e9 j\u00ed u\u017eivatel\u00e9 poskytuj\u00ed p\u0159i pou\u017e\u00edv\u00e1n\u00ed jej\u00edch webov\u00fdch str\u00e1nek. TaTato spole\u010dnost db\u00e1 na bezpe\u010dn\u00e9 zach\u00e1zen\u00ed s \u00fadaji u\u017eivatel\u016f jej\u00edch webov\u00fdch str\u00e1nek. Pokud \u017e\u00e1d\u00e1me o vypln\u011bn\u00ed pol\u00ed s osobn\u00edmi \u00fadaji, podle nich\u017e v\u00e1s lze identifikovat, \u010din\u00edme tak se z\u00e1rukou, \u017ee z\u00edskan\u00e9 informace budou pou\u017eity pouze v souladu s podm\u00ednkami tohoto dokumentu. St\u00e1vaj\u00edc\u00ed z\u00e1sady ochrany osobn\u00edch \u00fadaj\u016f se v\u0161ak mohou v pr\u016fb\u011bhu \u010dasu m\u011bnit nebo b\u00fdt aktualizov\u00e1ny, a proto d\u016frazn\u011b doporu\u010dujeme tuto str\u00e1nku pr\u016fb\u011b\u017en\u011b kontrolovat a ujistit se, \u017ee jste s p\u0159\u00edpadn\u00fdmi zm\u011bnami srozum\u011bni.<\/p>\n<p><strong>Z\u00edskan\u00e9 informace<\/strong><\/p>\n<p>Na\u0161e webov\u00e9 str\u00e1nky mohou z\u00edsk\u00e1vat osobn\u00ed \u00fadaje, jako jsou jm\u00e9no, kontaktn\u00ed informace (nap\u0159. e-mailov\u00e1 adresa) a demografick\u00e9 \u00fadaje. Specifick\u00e9 dodate\u010dn\u00e9 informace mohou b\u00fdt vy\u017eadov\u00e1ny tak\u00e9 v p\u0159\u00edpad\u011b, \u017ee se jedn\u00e1 o nezbytnou n\u00e1le\u017eitost ke zpracov\u00e1n\u00ed objedn\u00e1vek, k dod\u00e1vce nebo k fakturaci.<\/p>\n<p><strong>Z\u00edskan\u00e9 informace<\/strong><\/p>\n<p>Na\u0161e webov\u00e9 str\u00e1nky vyu\u017e\u00edvaj\u00ed tyto informace k poskytov\u00e1n\u00ed co nejlep\u0161\u00edch slu\u017eeb, zejm\u00e9na ke sledov\u00e1n\u00ed u\u017eivatel\u016f, k p\u0159\u00edpadn\u00e9mu sledov\u00e1n\u00ed objedn\u00e1vek a ke zlep\u0161ov\u00e1n\u00ed na\u0161ich produkt\u016f a slu\u017eeb. Prost\u0159ednictv\u00edm na\u0161ich str\u00e1nek m\u016f\u017eeme pravideln\u011b zas\u00edlat e-maily se speci\u00e1ln\u00edmi nab\u00eddkami, nov\u00fdmi produkty a dal\u0161\u00edmi marketingov\u00fdmi informacemi, kter\u00e9 pro v\u00e1s pova\u017eujeme za relevantn\u00ed nebo p\u0159\u00ednosn\u00e9. Tyto e-maily budou zas\u00edl\u00e1ny na v\u00e1mi uvedenou adresu a z jejich odb\u011bru se m\u016f\u017eete kdykoliv odhl\u00e1sit.<\/p>\n<p>Spole\u010dnost <strong>LABORATORIO AUTODIDACTA<\/strong> se zavazuje plnit svou povinnost t\u00fdkaj\u00edc\u00ed se zabezpe\u010den\u00ed va\u0161ich informac\u00ed. Pou\u017e\u00edv\u00e1me nejmodern\u011bj\u0161\u00ed syst\u00e9my a neust\u00e1le je aktualizujeme v z\u00e1jmu vylou\u010den\u00ed mo\u017enosti neopr\u00e1vn\u011bn\u00e9ho p\u0159\u00edstupu.<\/p>\n<p><strong>Soubory cookie<\/strong><\/p>\n<p>Soubor cookie ozna\u010duje soubor, kter\u00fd je odesl\u00e1n s c\u00edlem vy\u017e\u00e1dat si povolen\u00ed k ulo\u017een\u00ed ve va\u0161em po\u010d\u00edta\u010di. P\u0159ijmete-li cookie, soubor se vytvo\u0159\u00ed a nad\u00e1le slou\u017e\u00ed k z\u00edsk\u00e1v\u00e1n\u00ed informac\u00ed o webov\u00e9m provozu a tak\u00e9 p\u0159isp\u00edv\u00e1 k dal\u0161\u00edm mo\u017enostem tvorby Laboratorio Autodidacta. D\u00edky dal\u0161\u00ed z funkc\u00ed soubor\u016f cookie jsou webov\u00e9 str\u00e1nky schopny v\u00e1s individu\u00e1ln\u011b rozpoznat a n\u00e1sledn\u011b v\u00e1m poskytovat co mo\u017en\u00e1 nejperzonalizovan\u011bj\u0161\u00ed slu\u017eby.<\/p>\n<p>Na\u0161e webov\u00e9 str\u00e1nky pou\u017e\u00edvaj\u00ed soubory cookie k identifikaci nav\u0161t\u011bvovan\u00fdch str\u00e1nek a k ur\u010den\u00ed \u010detnosti n\u00e1v\u0161t\u011bvnosti. Tyto informace slou\u017e\u00ed v\u00fdhradn\u011b \u00fa\u010del\u016fm statistick\u00e9 anal\u00fdzy a n\u00e1sledn\u011b jsou trvale vymaz\u00e1ny. Soubory cookie m\u016f\u017eete ve sv\u00e9m po\u010d\u00edta\u010di kdykoli vylou\u010dit. Soubory cookie sice napom\u00e1haj\u00ed ke zkvalit\u0148ov\u00e1n\u00ed slu\u017eeb poskytovan\u00fdch webov\u00fdmi str\u00e1nkami, neumo\u017e\u0148uj\u00ed v\u0161ak p\u0159\u00edstup k va\u0161im osobn\u00edm informac\u00edm ani k informac\u00edm o va\u0161em po\u010d\u00edta\u010di, pokud se je sami nerozhodnete poskytnout nap\u0159\u00edmo. Pou\u017e\u00edv\u00e1n\u00ed soubor\u016f cookie m\u016f\u017eete p\u0159ijmout, nebo odm\u00edtnout. V\u011bt\u0161ina prohl\u00ed\u017ee\u010d\u016f v\u0161ak soubory cookie p\u0159ij\u00edm\u00e1 automaticky, nebo\u0165 slou\u017e\u00ed k lep\u0161\u00edmu provozu webov\u00fdch slu\u017eeb. Rovn\u011b\u017e m\u00e1te mo\u017enost zm\u011bnit si nastaven\u00ed sv\u00e9ho po\u010d\u00edta\u010de tak, abyste soubory cookie odm\u00edtli. Pokud je odm\u00edtnete, je mo\u017en\u00e9, \u017ee nebudete moci vyu\u017e\u00edvat n\u011bkter\u00e9 z na\u0161ich slu\u017eeb.<\/p>\n<p><strong>Odkazy na t\u0159et\u00ed strany<\/strong><\/p>\n<p>Tyto webov\u00e9 str\u00e1nky mohou obsahovat dal\u0161\u00ed odkazy na jin\u00e9 str\u00e1nky, kter\u00e9 by v\u00e1s mohly zaj\u00edmat. Jakmile na tyto odkazy kliknete a na\u0161e str\u00e1nky opust\u00edte, nem\u00e1me ji\u017e kontrolu nad str\u00e1nkami, na kter\u00e9 jste p\u0159esm\u011brov\u00e1ni, a tud\u00ed\u017e nejsme zodpov\u011bdni za podm\u00ednky, za ochranu soukrom\u00ed ani ochranu \u00fadaj\u016f na t\u011bchto str\u00e1nk\u00e1ch t\u0159et\u00edch stran. V\u00fd\u0161e zmi\u0148ovan\u00e9 str\u00e1nky podl\u00e9haj\u00ed vlastn\u00edm z\u00e1sad\u00e1m ochrany osobn\u00edch \u00fadaj\u016f a doporu\u010dujeme v\u00e1m ov\u011b\u0159it si, zda s nimi souhlas\u00edte.<\/p>\n<p><strong>Kontrola va\u0161ich osobn\u00edch \u00fadaj\u016f<\/strong><\/p>\n<p>Z\u00edsk\u00e1v\u00e1n\u00ed nebo pou\u017e\u00edv\u00e1n\u00ed osobn\u00edch \u00fadaj\u016f poskytnut\u00fdch v r\u00e1mci na\u0161ich webov\u00fdch str\u00e1nek m\u016f\u017eete kdykoliv omezit. Kdykoliv jste po\u017e\u00e1d\u00e1ni o vypln\u011bn\u00ed formul\u00e1\u0159e (nap\u0159. formul\u00e1\u0159e ur\u010den\u00e9ho pro registraci u\u017eivatele), m\u016f\u017eete za\u0161krtnout, nebo naopak zru\u0161it mo\u017enost zas\u00edl\u00e1n\u00ed informac\u00ed e-mailem. Pokud jste za\u0161krtli mo\u017enost zas\u00edl\u00e1n\u00ed newsletteru nebo reklamy, m\u016f\u017eete ji zase kdykoliv zru\u0161it..<\/p>\n<p>Spole\u010dnost Laboratorio Autodidacta nebude bez va\u0161eho souhlasu ve\u0161ker\u00e9 z\u00edskan\u00e9 osobn\u00ed \u00fadaje prod\u00e1vat, p\u0159ed\u00e1vat ani nijak \u0161\u00ed\u0159it, s v\u00fdjimkou \u017e\u00e1dosti soudu o jejich poskytnut\u00ed na z\u00e1klad\u011b soudn\u00edho na\u0159\u00edzen\u00ed.<\/p>\n<p>Spole\u010dnSpole\u010dnost <strong>LABORATORIO AUTODIDACTA<\/strong> si vyhrazuje pr\u00e1vo podm\u00ednky t\u011bchto Z\u00e1sad ochrany osobn\u00edch \u00fadaj\u016f kdykoliv zm\u011bnit.<\/p>\n\t\t\t\t\t\t\t\t<\/div>\n\t\t\t\t<\/div>\n\t\t\t\t\t<\/div>\n\t\t\t\t<\/div>\n\t\t\t\t<\/div>\n\t\t","protected":false},"excerpt":{"rendered":"<p>Z\u00c1SADY OCHRANY OSOBN\u00cdCH \u00daDAJ\u016e. PRAVIDLA A PODM\u00cdNKY. Tyto z\u00e1sady ochrany osobn\u00edch \u00fadaj\u016f stanovuj\u00ed podm\u00ednky, za nich\u017e spole\u010dnost LABORATORIO AUTODIDACTA pou\u017e\u00edv\u00e1 a chr\u00e1n\u00ed informace, kter\u00e9 j\u00ed u\u017eivatel\u00e9 poskytuj\u00ed p\u0159i pou\u017e\u00edv\u00e1n\u00ed jej\u00edch webov\u00fdch str\u00e1nek. TaTato spole\u010dnost db\u00e1 na bezpe\u010dn\u00e9 zach\u00e1zen\u00ed s \u00fadaji u\u017eivatel\u016f jej\u00edch webov\u00fdch str\u00e1nek. Pokud \u017e\u00e1d\u00e1me o vypln\u011bn\u00ed pol\u00ed s osobn\u00edmi \u00fadaji, podle nich\u017e v\u00e1s &hellip;<\/p>\n<p class=\"read-more\"> <a class=\"\" href=\"https:\/\/laboratorioautodidactico.com\/cs\/zasady-ochrany-osobnich-udaju-pravidla-a-podminky\/\"> <span class=\"screen-reader-text\">Z\u00c1SADY OCHRANY OSOBN\u00cdCH \u00daDAJ\u016e. PRAVIDLA A PODM\u00cdNKY.<\/span> Pokra\u010dovat ve \u010dten\u00ed &raquo;<\/a><\/p>\n","protected":false},"author":1,"featured_media":0,"parent":0,"menu_order":0,"comment_status":"closed","ping_status":"closed","template":"","meta":{"om_disable_all_campaigns":false,"_monsterinsights_skip_tracking":false,"_monsterinsights_sitenote_active":false,"_monsterinsights_sitenote_note":"","_monsterinsights_sitenote_category":0,"site-sidebar-layout":"no-sidebar","site-content-layout":"page-builder","ast-site-content-layout":"full-width-container","site-content-style":"default","site-sidebar-style":"default","ast-global-header-display":"","ast-banner-title-visibility":"","ast-main-header-display":"","ast-hfb-above-header-display":"","ast-hfb-below-header-display":"","ast-hfb-mobile-header-display":"","site-post-title":"disabled","ast-breadcrumbs-content":"","ast-featured-img":"disabled","footer-sml-layout":"","theme-transparent-header-meta":"","adv-header-id-meta":"","stick-header-meta":"","header-above-stick-meta":"","header-main-stick-meta":"","header-below-stick-meta":"","astra-migrate-meta-layouts":"","ast-page-background-enabled":"default","ast-page-background-meta":{"desktop":{"background-color":"","background-image":"","background-repeat":"repeat","background-position":"center center","background-size":"auto","background-attachment":"scroll","background-type":"","background-media":"","overlay-type":"","overlay-color":"","overlay-gradient":""},"tablet":{"background-color":"","background-image":"","background-repeat":"repeat","background-position":"center center","background-size":"auto","background-attachment":"scroll","background-type":"","background-media":"","overlay-type":"","overlay-color":"","overlay-gradient":""},"mobile":{"background-color":"","background-image":"","background-repeat":"repeat","background-position":"center center","background-size":"auto","background-attachment":"scroll","background-type":"","background-media":"","overlay-type":"","overlay-color":"","overlay-gradient":""}},"ast-content-background-meta":{"desktop":{"background-color":"var(--ast-global-color-5)","background-image":"","background-repeat":"repeat","background-position":"center center","background-size":"auto","background-attachment":"scroll","background-type":"","background-media":"","overlay-type":"","overlay-color":"","overlay-gradient":""},"tablet":{"background-color":"var(--ast-global-color-5)","background-image":"","background-repeat":"repeat","background-position":"center center","background-size":"auto","background-attachment":"scroll","background-type":"","background-media":"","overlay-type":"","overlay-color":"","overlay-gradient":""},"mobile":{"background-color":"var(--ast-global-color-5)","background-image":"","background-repeat":"repeat","background-position":"center center","background-size":"auto","background-attachment":"scroll","background-type":"","background-media":"","overlay-type":"","overlay-color":"","overlay-gradient":""}},"footnotes":""},"class_list":["post-1890","page","type-page","status-publish","hentry"],"aioseo_notices":[],"_links":{"self":[{"href":"https:\/\/laboratorioautodidactico.com\/cs\/wp-json\/wp\/v2\/pages\/1890"}],"collection":[{"href":"https:\/\/laboratorioautodidactico.com\/cs\/wp-json\/wp\/v2\/pages"}],"about":[{"href":"https:\/\/laboratorioautodidactico.com\/cs\/wp-json\/wp\/v2\/types\/page"}],"author":[{"embeddable":true,"href":"https:\/\/laboratorioautodidactico.com\/cs\/wp-json\/wp\/v2\/users\/1"}],"replies":[{"embeddable":true,"href":"https:\/\/laboratorioautodidactico.com\/cs\/wp-json\/wp\/v2\/comments?post=1890"}],"version-history":[{"count":3,"href":"https:\/\/laboratorioautodidactico.com\/cs\/wp-json\/wp\/v2\/pages\/1890\/revisions"}],"predecessor-version":[{"id":2158,"href":"https:\/\/laboratorioautodidactico.com\/cs\/wp-json\/wp\/v2\/pages\/1890\/revisions\/2158"}],"wp:attachment":[{"href":"https:\/\/laboratorioautodidactico.com\/cs\/wp-json\/wp\/v2\/media?parent=1890"}],"curies":[{"name":"wp","href":"https:\/\/api.w.org\/{rel}","templated":true}]}}